{"id":1359,"date":"2024-04-04T12:50:40","date_gmt":"2024-04-04T10:50:40","guid":{"rendered":"http:\/\/ecole-ndg.fr\/?page_id=1359"},"modified":"2024-04-19T09:43:18","modified_gmt":"2024-04-19T07:43:18","slug":"nous-soutenir","status":"publish","type":"page","link":"https:\/\/ecole-ndg.fr\/?page_id=1359","title":{"rendered":"Nous soutenir"},"content":{"rendered":"\n<div class=\"wp-block-columns is-layout-flex wp-container-core-columns-is-layout-9d6595d7 wp-block-columns-is-layout-flex\">\n<div class=\"wp-block-column is-layout-flow wp-block-column-is-layout-flow\">\n<p class=\"has-text-color\" style=\"color:#55595a\"><strong>Vous pouvez faire un don \u00e0 l&#8217;\u00e9cole via la Fondation Dr\u00f4moise, que vous soyez un particulier ou une entreprise. <\/strong>Cela ouvre droit \u00e0 des r\u00e9ductions ou des cr\u00e9dits d&#8217;imp\u00f4ts (voir d\u00e9tail sur leur site).<\/p>\n\n\n\n<p class=\"has-text-color\" style=\"color:#55595a\">La Fondation Dr\u00f4moise est une<strong> fondation reconnue d\u2019utilit\u00e9 publique<\/strong> depuis 1974. Elle exerce son activit\u00e9 sous tutelle pr\u00e9fectorale, <strong>au profit des \u00e9tablissements scolaires Catholiques de la Dr\u00f4me<\/strong><\/p>\n\n\n\n<p class=\"has-text-color has-background\" style=\"background-color:#f8aed3;color:#1e1e1e\"><strong>Si vous souhaitez que votre don b\u00e9n\u00e9ficie \u00e0 notre \u00e9tablissement, il vous suffit de renseigner le nom de notre \u00e9cole  dans le formulaire.<\/strong><br><br><strong>&#8220;Notre Dame de la Garde &#8211; Charmes sur Herbasse&#8221;<\/strong><\/p>\n<\/div>\n\n\n\n<div class=\"wp-block-column is-layout-flow wp-block-column-is-layout-flow\">\n<figure class=\"wp-block-image size-large\"><a href=\"http:\/\/www.fondation-dromoise.fr\" target=\"_blank\" rel=\"noreferrer noopener\"><img loading=\"lazy\" decoding=\"async\" width=\"1024\" height=\"469\" src=\"https:\/\/ecole-ndg.fr\/wp-content\/uploads\/2024\/04\/Sans-titre-1024x469.png\" alt=\"\" class=\"wp-image-1360\" srcset=\"https:\/\/ecole-ndg.fr\/wp-content\/uploads\/2024\/04\/Sans-titre-1024x469.png 1024w, https:\/\/ecole-ndg.fr\/wp-content\/uploads\/2024\/04\/Sans-titre-300x137.png 300w, https:\/\/ecole-ndg.fr\/wp-content\/uploads\/2024\/04\/Sans-titre-768x352.png 768w, https:\/\/ecole-ndg.fr\/wp-content\/uploads\/2024\/04\/Sans-titre.png 1515w\" sizes=\"auto, (max-width: 1024px) 100vw, 1024px\" \/><\/a><\/figure>\n\n\n\n<p class=\"has-text-align-center has-text-color\" style=\"color:#d35b79\"><a href=\"http:\/\/www.fondation-dromoise.fr\/\" target=\"_blank\" rel=\"noopener\">http:\/\/www.fondation-dromoise.fr\/<\/a><\/p>\n\n\n\n<figure class=\"wp-block-image size-full\"><img loading=\"lazy\" decoding=\"async\" width=\"457\" height=\"242\" src=\"https:\/\/ecole-ndg.fr\/wp-content\/uploads\/2024\/04\/merci-removebg-preview.png\" alt=\"\" class=\"wp-image-1387\" srcset=\"https:\/\/ecole-ndg.fr\/wp-content\/uploads\/2024\/04\/merci-removebg-preview.png 457w, https:\/\/ecole-ndg.fr\/wp-content\/uploads\/2024\/04\/merci-removebg-preview-300x159.png 300w\" sizes=\"auto, (max-width: 457px) 100vw, 457px\" \/><\/figure>\n<\/div>\n<\/div>\n","protected":false},"excerpt":{"rendered":"<p>Vous pouvez faire un don \u00e0 l&#8217;\u00e9cole via la Fondation Dr\u00f4moise, que vous soyez un particulier ou une entreprise. Cela &hellip; <\/p>\n","protected":false},"author":1,"featured_media":0,"parent":0,"menu_order":0,"comment_status":"closed","ping_status":"closed","template":"","meta":{"om_disable_all_campaigns":false,"_monsterinsights_skip_tracking":false,"_monsterinsights_sitenote_active":false,"_monsterinsights_sitenote_note":"","_monsterinsights_sitenote_category":0,"footnotes":""},"class_list":["post-1359","page","type-page","status-publish","hentry"],"aioseo_notices":[],"_links":{"self":[{"href":"https:\/\/ecole-ndg.fr\/index.php?rest_route=\/wp\/v2\/pages\/1359","targetHints":{"allow":["GET"]}}],"collection":[{"href":"https:\/\/ecole-ndg.fr\/index.php?rest_route=\/wp\/v2\/pages"}],"about":[{"href":"https:\/\/ecole-ndg.fr\/index.php?rest_route=\/wp\/v2\/types\/page"}],"author":[{"embeddable":true,"href":"https:\/\/ecole-ndg.fr\/index.php?rest_route=\/wp\/v2\/users\/1"}],"replies":[{"embeddable":true,"href":"https:\/\/ecole-ndg.fr\/index.php?rest_route=%2Fwp%2Fv2%2Fcomments&post=1359"}],"version-history":[{"count":32,"href":"https:\/\/ecole-ndg.fr\/index.php?rest_route=\/wp\/v2\/pages\/1359\/revisions"}],"predecessor-version":[{"id":1468,"href":"https:\/\/ecole-ndg.fr\/index.php?rest_route=\/wp\/v2\/pages\/1359\/revisions\/1468"}],"wp:attachment":[{"href":"https:\/\/ecole-ndg.fr\/index.php?rest_route=%2Fwp%2Fv2%2Fmedia&parent=1359"}],"curies":[{"name":"wp","href":"https:\/\/api.w.org\/{rel}","templated":true}]}}