{"id":28,"date":"2022-07-13T11:40:17","date_gmt":"2022-07-13T09:40:17","guid":{"rendered":"http:\/\/ecole-ndg.fr\/?page_id=28"},"modified":"2025-09-12T14:11:29","modified_gmt":"2025-09-12T12:11:29","slug":"infos-pratiques","status":"publish","type":"page","link":"https:\/\/ecole-ndg.fr\/?page_id=28","title":{"rendered":"Infos pratiques"},"content":{"rendered":"\n<div class=\"wp-block-columns is-layout-flex wp-container-core-columns-is-layout-9d6595d7 wp-block-columns-is-layout-flex\">\n<div class=\"wp-block-column is-layout-flow wp-block-column-is-layout-flow\">\n<h2 class=\"has-text-align-center has-vivid-cyan-blue-color has-text-color wp-block-heading\" style=\"font-size:25px\">Horaires de l&#8217;\u00e9cole<\/h2>\n<\/div>\n\n\n\n<div class=\"wp-block-column is-layout-flow wp-block-column-is-layout-flow\">\n<h2 class=\"has-text-align-center has-vivid-cyan-blue-color has-text-color wp-block-heading\" style=\"font-size:25px\">Espace famille \u00e9cole<\/h2>\n<\/div>\n\n\n\n<div class=\"wp-block-column is-layout-flow wp-block-column-is-layout-flow\">\n<h2 class=\"has-text-align-center has-vivid-cyan-blue-color has-text-color wp-block-heading\" style=\"font-size:25px\">P\u00e9riscolaire<\/h2>\n<\/div>\n<\/div>\n\n\n\n<div class=\"wp-block-group\"><div class=\"wp-block-group__inner-container is-layout-flow wp-block-group-is-layout-flow\">\n<div class=\"wp-block-columns is-layout-flex wp-container-core-columns-is-layout-9d6595d7 wp-block-columns-is-layout-flex\">\n<div class=\"wp-block-column has-white-background-color has-background is-layout-flow wp-block-column-is-layout-flow\">\n<p class=\"has-text-align-center has-background has-medium-font-size\" style=\"background-color:#7bdbb561\"><img loading=\"lazy\" decoding=\"async\" width=\"70\" height=\"69\" class=\"wp-image-285\" style=\"width: 70px;\" src=\"https:\/\/ecole-ndg.fr\/wp-content\/uploads\/2022\/07\/Sans_titre-removebg-preview.png\" alt=\"\" srcset=\"https:\/\/ecole-ndg.fr\/wp-content\/uploads\/2022\/07\/Sans_titre-removebg-preview.png 504w, https:\/\/ecole-ndg.fr\/wp-content\/uploads\/2022\/07\/Sans_titre-removebg-preview-300x295.png 300w, https:\/\/ecole-ndg.fr\/wp-content\/uploads\/2022\/07\/Sans_titre-removebg-preview-150x150.png 150w, https:\/\/ecole-ndg.fr\/wp-content\/uploads\/2022\/07\/Sans_titre-removebg-preview-70x70.png 70w, https:\/\/ecole-ndg.fr\/wp-content\/uploads\/2022\/07\/Sans_titre-removebg-preview-246x246.png 246w, https:\/\/ecole-ndg.fr\/wp-content\/uploads\/2022\/07\/Sans_titre-removebg-preview-276x276.png 276w, https:\/\/ecole-ndg.fr\/wp-content\/uploads\/2022\/07\/Sans_titre-removebg-preview-125x125.png 125w\" sizes=\"auto, (max-width: 70px) 100vw, 70px\" \/><br>Lundi, mardi,<br>jeudi, vendredi<br><strong>8h30 &#8211; 11h45<br>13h30 &#8211; 16h30<\/strong><\/p>\n\n\n\n<p>Ouverture du portail 10 minutes avant le d\u00e9but des cours, soit 8h20 et 13h20.<\/p>\n\n\n\n<h2 class=\"has-text-align-center has-vivid-cyan-blue-color has-text-color wp-block-heading\">Contact<\/h2>\n\n\n\n<p>Vous avez une question, vous souhaitez nous rencontrer ? N\u2019h\u00e9sitez pas \u00e0 nous contacter !<\/p>\n\n\n\n<p><strong>T\u00e9l. : <\/strong>04 75 45 62 59<\/p>\n\n\n\n<p><strong>Courriel : <\/strong>ecoleNDGcharmes@mailo.com <\/p>\n\n\n\n<p><strong>Adresse :<\/strong> 110 rue Notre Dame<br>de la Garde 26260 CHARMES SUR L\u2019HERBASSE<\/p>\n<\/div>\n\n\n\n<div class=\"wp-block-column is-layout-flow wp-block-column-is-layout-flow\">\n<figure class=\"wp-block-image size-full is-style-default\"><a href=\"https:\/\/www.educartable.com\/\" target=\"_blank\" rel=\"noreferrer noopener\"><img loading=\"lazy\" decoding=\"async\" width=\"358\" height=\"200\" src=\"https:\/\/ecole-ndg.fr\/wp-content\/uploads\/2022\/07\/educartable-636-1.png\" alt=\"\" class=\"wp-image-533\" srcset=\"https:\/\/ecole-ndg.fr\/wp-content\/uploads\/2022\/07\/educartable-636-1.png 358w, https:\/\/ecole-ndg.fr\/wp-content\/uploads\/2022\/07\/educartable-636-1-300x168.png 300w\" sizes=\"auto, (max-width: 358px) 100vw, 358px\" \/><\/a><\/figure>\n\n\n\n<p><strong>Cartable en ligne : <br>&#8211; cahier de liaison<br>&#8211; devoirs<br>&#8211; livret scolaire<\/strong><\/p>\n\n\n\n<h2 class=\"has-text-align-center has-vivid-cyan-blue-color has-text-color wp-block-heading\" style=\"font-size:25px\">Espace famille p\u00e9riscolaire<\/h2>\n\n\n\n<figure class=\"wp-block-image size-full is-resized\"><a href=\"https:\/\/pl.jvsonline.fr\/EspaceFamille\/reservations\/index.php\" target=\"_blank\" rel=\"noreferrer noopener\"><img loading=\"lazy\" decoding=\"async\" src=\"https:\/\/ecole-ndg.fr\/wp-content\/uploads\/2022\/07\/index.png\" alt=\"\" class=\"wp-image-535\" width=\"273\" height=\"66\" srcset=\"https:\/\/ecole-ndg.fr\/wp-content\/uploads\/2022\/07\/index.png 454w, https:\/\/ecole-ndg.fr\/wp-content\/uploads\/2022\/07\/index-300x73.png 300w\" sizes=\"auto, (max-width: 273px) 100vw, 273px\" \/><\/a><\/figure>\n\n\n\n<p><strong>R\u00e9servation des cr\u00e9neaux de garderie et des repas \u00e0 la cantine.<\/strong><\/p>\n<\/div>\n\n\n\n<div class=\"wp-block-column has-white-background-color has-background is-layout-flow wp-block-column-is-layout-flow\">\n<p>Le service p\u00e9riscolaire de restauration (midi) et garderie (matin et soir) est un service communal.<\/p>\n\n\n\n<h1 class=\"has-text-align-center has-medium-font-size wp-block-heading\"><img loading=\"lazy\" decoding=\"async\" width=\"150\" height=\"88\" class=\"wp-image-271\" style=\"width: 150px;\" src=\"https:\/\/ecole-ndg.fr\/wp-content\/uploads\/2022\/07\/icon-landing-repas-removebg-preview.png\" alt=\"\"><\/h1>\n\n\n\n<p class=\"has-vivid-green-cyan-color has-text-color\"><strong>GARDERIE<\/strong><\/p>\n\n\n\n<p>Lundi, Mardi, Jeudi et Vendredi&nbsp;:<br>Matin de 7 h 15 \u00e0 8 h 15<br>Soir de 16 h 20 \u00e0 18 h 15.<br>Tel : 04.75.45.78.65<\/p>\n\n\n\n<p class=\"has-vivid-green-cyan-color has-text-color\"><strong>RESTAURATION SCOLAIRE<\/strong><\/p>\n\n\n\n<div class=\"wp-block-columns is-layout-flex wp-container-core-columns-is-layout-9d6595d7 wp-block-columns-is-layout-flex\">\n<div class=\"wp-block-column is-layout-flow wp-block-column-is-layout-flow\" style=\"flex-basis:66.66%\">\n<p>Contact et inscriptions : directement \u00e0 la mairie aupr\u00e8s d&#8217;Aur\u00e9lie GINOT.<strong><br><\/strong>Tel : 04.75.45.64.51<\/p>\n<\/div>\n\n\n\n<div class=\"wp-block-column is-layout-flow wp-block-column-is-layout-flow\" style=\"flex-basis:33.33%\">\n<figure class=\"wp-block-image size-full is-style-rounded\"><a href=\"https:\/\/charmessurlherbasse.fr\/peri-scolaire\/\" target=\"_blank\" rel=\"noreferrer noopener\"><img loading=\"lazy\" decoding=\"async\" width=\"250\" height=\"239\" src=\"https:\/\/ecole-ndg.fr\/wp-content\/uploads\/2022\/07\/mairie.png\" alt=\"\" class=\"wp-image-540\"\/><\/a><figcaption>+ d&#8217;infos en cliquant sur l&#8217;image<\/figcaption><\/figure>\n<\/div>\n<\/div>\n<\/div>\n<\/div>\n<\/div><\/div>\n\n\n\n<p><\/p>\n","protected":false},"excerpt":{"rendered":"<p>Horaires de l&#8217;\u00e9cole Espace famille \u00e9cole P\u00e9riscolaire Lundi, mardi,jeudi, vendredi8h30 &#8211; 11h4513h30 &#8211; 16h30 Ouverture du portail 10 minutes avant &hellip; <\/p>\n","protected":false},"author":1,"featured_media":0,"parent":0,"menu_order":0,"comment_status":"closed","ping_status":"closed","template":"","meta":{"om_disable_all_campaigns":false,"_monsterinsights_skip_tracking":false,"_monsterinsights_sitenote_active":false,"_monsterinsights_sitenote_note":"","_monsterinsights_sitenote_category":0,"footnotes":""},"class_list":["post-28","page","type-page","status-publish","hentry"],"aioseo_notices":[],"_links":{"self":[{"href":"https:\/\/ecole-ndg.fr\/index.php?rest_route=\/wp\/v2\/pages\/28","targetHints":{"allow":["GET"]}}],"collection":[{"href":"https:\/\/ecole-ndg.fr\/index.php?rest_route=\/wp\/v2\/pages"}],"about":[{"href":"https:\/\/ecole-ndg.fr\/index.php?rest_route=\/wp\/v2\/types\/page"}],"author":[{"embeddable":true,"href":"https:\/\/ecole-ndg.fr\/index.php?rest_route=\/wp\/v2\/users\/1"}],"replies":[{"embeddable":true,"href":"https:\/\/ecole-ndg.fr\/index.php?rest_route=%2Fwp%2Fv2%2Fcomments&post=28"}],"version-history":[{"count":111,"href":"https:\/\/ecole-ndg.fr\/index.php?rest_route=\/wp\/v2\/pages\/28\/revisions"}],"predecessor-version":[{"id":1505,"href":"https:\/\/ecole-ndg.fr\/index.php?rest_route=\/wp\/v2\/pages\/28\/revisions\/1505"}],"wp:attachment":[{"href":"https:\/\/ecole-ndg.fr\/index.php?rest_route=%2Fwp%2Fv2%2Fmedia&parent=28"}],"curies":[{"name":"wp","href":"https:\/\/api.w.org\/{rel}","templated":true}]}}