{"id":30,"date":"2022-07-13T11:40:17","date_gmt":"2022-07-13T09:40:17","guid":{"rendered":"http:\/\/ecole-ndg.fr\/?page_id=30"},"modified":"2025-09-12T14:19:44","modified_gmt":"2025-09-12T12:19:44","slug":"inscrire-mon-enfant","status":"publish","type":"page","link":"https:\/\/ecole-ndg.fr\/?page_id=30","title":{"rendered":"Inscrire mon enfant"},"content":{"rendered":"\n<div class=\"wp-block-columns is-layout-flex wp-container-core-columns-is-layout-9d6595d7 wp-block-columns-is-layout-flex\">\n<div class=\"wp-block-column is-layout-flow wp-block-column-is-layout-flow\">\n<p><strong>N&#8217;h\u00e9sitez pas \u00e0 nous contacter si vous avez des questions ou si vous souhaitez venir nous rencontrer<\/strong> !<\/p>\n\n\n\n<div class=\"wp-block-columns is-layout-flex wp-container-core-columns-is-layout-9d6595d7 wp-block-columns-is-layout-flex\">\n<div class=\"wp-block-column is-layout-flow wp-block-column-is-layout-flow\"><\/div>\n<\/div>\n\n\n\n<p class=\"has-black-color has-text-color has-background\" style=\"background-color:#7bdbb561\">Vous trouverez ici le dossier d&#8217;inscription pour la rentr\u00e9e 2025.<br> Vous pouvez, au choix :<br><strong>&#8211; imprimer le dossier et l&#8217;envoyer par voie postale <\/strong>: 110 rue Notre Dame de la Garde 26260 Charmes sur l&#8217;Herbasse<br>&#8211; <strong>t\u00e9l\u00e9charger le dossier et le compl\u00e9ter num\u00e9riquement pour un envoi par mail<\/strong> : ecoleNDGcharmes@mailo.com<\/p>\n\n\n\n<p class=\"has-text-align-center has-medium-font-size\"><strong>Contribution des familles en 2025-2026<\/strong><br>Montants mensuels, de septembre \u00e0 juin<\/p>\n\n\n\n<div class=\"wp-block-group\"><div class=\"wp-block-group__inner-container is-layout-flow wp-block-group-is-layout-flow\">\n<figure class=\"wp-block-gallery has-nested-images columns-default is-cropped wp-block-gallery-1 is-layout-flex wp-block-gallery-is-layout-flex\">\n<figure class=\"wp-block-image size-large\"><img loading=\"lazy\" decoding=\"async\" width=\"735\" height=\"209\" data-id=\"1357\" src=\"https:\/\/ecole-ndg.fr\/wp-content\/uploads\/2024\/03\/tarifs-2024-2025.png\" alt=\"\" class=\"wp-image-1357\" srcset=\"https:\/\/ecole-ndg.fr\/wp-content\/uploads\/2024\/03\/tarifs-2024-2025.png 735w, https:\/\/ecole-ndg.fr\/wp-content\/uploads\/2024\/03\/tarifs-2024-2025-300x85.png 300w\" sizes=\"auto, (max-width: 735px) 100vw, 735px\" \/><\/figure>\n<\/figure>\n<\/div><\/div>\n<\/div>\n\n\n\n<div class=\"wp-block-column is-layout-flow wp-block-column-is-layout-flow\">\n<h2 class=\"has-text-align-center wp-block-heading\">Dossier d&#8217;inscription 2025-2026<\/h2>\n\n\n\n<div data-wp-interactive=\"core\/file\" class=\"wp-block-file\"><object data-wp-bind--hidden=\"!state.hasPdfPreview\" hidden class=\"wp-block-file__embed\" data=\"https:\/\/ecole-ndg.fr\/wp-content\/uploads\/2025\/09\/inscription-2025-2026.pdf\" type=\"application\/pdf\" style=\"width:100%;height:600px\" aria-label=\"Embed of Contenu embarqu\u00e9 inscription-2025-2026..\"><\/object><a id=\"wp-block-file--media-e69e2ad7-e038-4832-b6d8-a7b124fcc5a0\" href=\"https:\/\/ecole-ndg.fr\/wp-content\/uploads\/2025\/09\/inscription-2025-2026.pdf\" target=\"_blank\" rel=\"noreferrer noopener\">inscription-2025-2026<\/a><a href=\"https:\/\/ecole-ndg.fr\/wp-content\/uploads\/2025\/09\/inscription-2025-2026.pdf\" class=\"wp-block-file__button\" download aria-describedby=\"wp-block-file--media-e69e2ad7-e038-4832-b6d8-a7b124fcc5a0\">T\u00e9l\u00e9charger<\/a><\/div>\n<\/div>\n<\/div>\n","protected":false},"excerpt":{"rendered":"<p>N&#8217;h\u00e9sitez pas \u00e0 nous contacter si vous avez des questions ou si vous souhaitez venir nous rencontrer ! Vous trouverez &hellip; <\/p>\n","protected":false},"author":1,"featured_media":0,"parent":0,"menu_order":0,"comment_status":"closed","ping_status":"closed","template":"","meta":{"om_disable_all_campaigns":false,"_monsterinsights_skip_tracking":false,"_monsterinsights_sitenote_active":false,"_monsterinsights_sitenote_note":"","_monsterinsights_sitenote_category":0,"footnotes":""},"class_list":["post-30","page","type-page","status-publish","hentry"],"aioseo_notices":[],"_links":{"self":[{"href":"https:\/\/ecole-ndg.fr\/index.php?rest_route=\/wp\/v2\/pages\/30","targetHints":{"allow":["GET"]}}],"collection":[{"href":"https:\/\/ecole-ndg.fr\/index.php?rest_route=\/wp\/v2\/pages"}],"about":[{"href":"https:\/\/ecole-ndg.fr\/index.php?rest_route=\/wp\/v2\/types\/page"}],"author":[{"embeddable":true,"href":"https:\/\/ecole-ndg.fr\/index.php?rest_route=\/wp\/v2\/users\/1"}],"replies":[{"embeddable":true,"href":"https:\/\/ecole-ndg.fr\/index.php?rest_route=%2Fwp%2Fv2%2Fcomments&post=30"}],"version-history":[{"count":74,"href":"https:\/\/ecole-ndg.fr\/index.php?rest_route=\/wp\/v2\/pages\/30\/revisions"}],"predecessor-version":[{"id":1508,"href":"https:\/\/ecole-ndg.fr\/index.php?rest_route=\/wp\/v2\/pages\/30\/revisions\/1508"}],"wp:attachment":[{"href":"https:\/\/ecole-ndg.fr\/index.php?rest_route=%2Fwp%2Fv2%2Fmedia&parent=30"}],"curies":[{"name":"wp","href":"https:\/\/api.w.org\/{rel}","templated":true}]}}