{"id":339,"date":"2022-07-15T13:48:43","date_gmt":"2022-07-15T11:48:43","guid":{"rendered":"http:\/\/ecole-ndg.fr\/?page_id=339"},"modified":"2024-03-10T09:07:58","modified_gmt":"2024-03-10T08:07:58","slug":"nos-projets","status":"publish","type":"page","link":"https:\/\/ecole-ndg.fr\/?page_id=339","title":{"rendered":"Nos projets"},"content":{"rendered":"\n<h2 class=\"has-text-align-center has-vivid-cyan-blue-color has-text-color wp-block-heading\">Le projet d&#8217;\u00e9tablissement<\/h2>\n\n\n\n<div class=\"wp-block-columns is-layout-flex wp-container-core-columns-is-layout-9d6595d7 wp-block-columns-is-layout-flex\">\n<div class=\"wp-block-column is-layout-flow wp-block-column-is-layout-flow\" style=\"flex-basis:66.66%\">\n<p>Les projets qui animent notre \u00e9cole s&#8217;appuient sur des besoins identifi\u00e9s, planifient les objectifs fix\u00e9s et d\u00e9finissent les priorit\u00e9s et les grandes orientations.<\/p>\n\n\n\n<p>Nous vous invitons \u00e0 les d\u00e9couvrir.<\/p>\n\n\n\n<figure class=\"wp-block-image size-full\"><img loading=\"lazy\" decoding=\"async\" width=\"607\" height=\"276\" src=\"https:\/\/ecole-ndg.fr\/wp-content\/uploads\/2022\/07\/echanger.jpg\" alt=\"\" class=\"wp-image-333\" srcset=\"https:\/\/ecole-ndg.fr\/wp-content\/uploads\/2022\/07\/echanger.jpg 607w, https:\/\/ecole-ndg.fr\/wp-content\/uploads\/2022\/07\/echanger-300x136.jpg 300w\" sizes=\"auto, (max-width: 607px) 100vw, 607px\" \/><\/figure>\n<\/div>\n\n\n\n<div class=\"wp-block-column is-layout-flow wp-block-column-is-layout-flow\" style=\"flex-basis:33.33%\">\n<div data-wp-interactive=\"core\/file\" class=\"wp-block-file aligncenter\"><object data-wp-bind--hidden=\"!state.hasPdfPreview\" hidden class=\"wp-block-file__embed\" data=\"https:\/\/ecole-ndg.fr\/wp-content\/uploads\/2022\/07\/projet-etablissement-NDG.pdf\" type=\"application\/pdf\" style=\"width:100%;height:390px\" aria-label=\"Embed of Contenu embarqu\u00e9 Projet d&#039;\u00e9cole..\"><\/object><a id=\"wp-block-file--media-de634776-9c1f-46d2-b121-659504f6b156\" href=\"https:\/\/ecole-ndg.fr\/wp-content\/uploads\/2022\/07\/projet-etablissement-NDG.pdf\" target=\"_blank\" rel=\"noreferrer noopener\">Projet d&#8217;\u00e9cole<\/a><a href=\"https:\/\/ecole-ndg.fr\/wp-content\/uploads\/2022\/07\/projet-etablissement-NDG.pdf\" class=\"wp-block-file__button\" download aria-describedby=\"wp-block-file--media-de634776-9c1f-46d2-b121-659504f6b156\">T\u00e9l\u00e9charger<\/a><\/div>\n<\/div>\n<\/div>\n\n\n\n<div class=\"wp-block-columns is-layout-flex wp-container-core-columns-is-layout-9d6595d7 wp-block-columns-is-layout-flex\">\n<div class=\"wp-block-column is-layout-flow wp-block-column-is-layout-flow\">\n<h2 class=\"has-text-align-center has-vivid-green-cyan-color has-text-color has-medium-font-size wp-block-heading\">Le projet \u00e9ducatif<\/h2>\n\n\n\n<div data-wp-interactive=\"core\/file\" class=\"wp-block-file aligncenter\"><object data-wp-bind--hidden=\"!state.hasPdfPreview\" hidden class=\"wp-block-file__embed\" data=\"https:\/\/ecole-ndg.fr\/wp-content\/uploads\/2022\/07\/projet-educatif-NDG.pdf\" type=\"application\/pdf\" style=\"width:100%;height:340px\" aria-label=\"Embed of Contenu embarqu\u00e9 Projet \u00e9ducatif..\"><\/object><a id=\"wp-block-file--media-e3f47bc2-b97c-48c8-a4ec-0de8beb52489\" href=\"https:\/\/ecole-ndg.fr\/wp-content\/uploads\/2022\/07\/projet-educatif-NDG.pdf\" target=\"_blank\" rel=\"noreferrer noopener\">Projet \u00e9ducatif<\/a><a href=\"https:\/\/ecole-ndg.fr\/wp-content\/uploads\/2022\/07\/projet-educatif-NDG.pdf\" class=\"wp-block-file__button\" download aria-describedby=\"wp-block-file--media-e3f47bc2-b97c-48c8-a4ec-0de8beb52489\">T\u00e9l\u00e9charger<\/a><\/div>\n<\/div>\n\n\n\n<div class=\"wp-block-column is-layout-flow wp-block-column-is-layout-flow\">\n<h2 class=\"has-text-align-center has-vivid-green-cyan-color has-text-color has-medium-font-size wp-block-heading\">Le projet d&#8217;animation pastorale<\/h2>\n\n\n\n<div data-wp-interactive=\"core\/file\" class=\"wp-block-file aligncenter\"><object data-wp-bind--hidden=\"!state.hasPdfPreview\" hidden class=\"wp-block-file__embed\" data=\"https:\/\/ecole-ndg.fr\/wp-content\/uploads\/2022\/07\/projet-pastoral-NDG.pdf\" type=\"application\/pdf\" style=\"width:100%;height:310px\" aria-label=\"Embed of Contenu embarqu\u00e9 Projet pastoral..\"><\/object><a id=\"wp-block-file--media-a977978b-7cc2-406f-ae6d-5a870a84f6f1\" href=\"https:\/\/ecole-ndg.fr\/wp-content\/uploads\/2022\/07\/projet-pastoral-NDG.pdf\" target=\"_blank\" rel=\"noreferrer noopener\">Projet pastoral<\/a><a href=\"https:\/\/ecole-ndg.fr\/wp-content\/uploads\/2022\/07\/projet-pastoral-NDG.pdf\" class=\"wp-block-file__button\" download aria-describedby=\"wp-block-file--media-a977978b-7cc2-406f-ae6d-5a870a84f6f1\">T\u00e9l\u00e9charger<\/a><\/div>\n<\/div>\n\n\n\n<div class=\"wp-block-column is-layout-flow wp-block-column-is-layout-flow\">\n<h2 class=\"has-text-align-center has-vivid-green-cyan-color has-text-color has-medium-font-size wp-block-heading\">Le projet p\u00e9dagogique<\/h2>\n\n\n\n<div data-wp-interactive=\"core\/file\" class=\"wp-block-file aligncenter\"><object data-wp-bind--hidden=\"!state.hasPdfPreview\" hidden class=\"wp-block-file__embed\" data=\"https:\/\/ecole-ndg.fr\/wp-content\/uploads\/2022\/07\/projet-pedagogique-NDG.pdf\" type=\"application\/pdf\" style=\"width:100%;height:330px\" aria-label=\"Embed of Contenu embarqu\u00e9 Projet p\u00e9dagogique..\"><\/object><a id=\"wp-block-file--media-87a43646-cf82-462c-ae60-31f50c6a55a5\" href=\"https:\/\/ecole-ndg.fr\/wp-content\/uploads\/2022\/07\/projet-pedagogique-NDG.pdf\" target=\"_blank\" rel=\"noreferrer noopener\">Projet p\u00e9dagogique<\/a><a href=\"https:\/\/ecole-ndg.fr\/wp-content\/uploads\/2022\/07\/projet-pedagogique-NDG.pdf\" class=\"wp-block-file__button\" download aria-describedby=\"wp-block-file--media-87a43646-cf82-462c-ae60-31f50c6a55a5\">T\u00e9l\u00e9charger<\/a><\/div>\n<\/div>\n<\/div>\n","protected":false},"excerpt":{"rendered":"<p>Le projet d&#8217;\u00e9tablissement Les projets qui animent notre \u00e9cole s&#8217;appuient sur des besoins identifi\u00e9s, planifient les objectifs fix\u00e9s et d\u00e9finissent &hellip; <\/p>\n","protected":false},"author":1,"featured_media":0,"parent":0,"menu_order":0,"comment_status":"closed","ping_status":"closed","template":"","meta":{"om_disable_all_campaigns":false,"_monsterinsights_skip_tracking":false,"_monsterinsights_sitenote_active":false,"_monsterinsights_sitenote_note":"","_monsterinsights_sitenote_category":0,"footnotes":""},"class_list":["post-339","page","type-page","status-publish","hentry"],"aioseo_notices":[],"_links":{"self":[{"href":"https:\/\/ecole-ndg.fr\/index.php?rest_route=\/wp\/v2\/pages\/339","targetHints":{"allow":["GET"]}}],"collection":[{"href":"https:\/\/ecole-ndg.fr\/index.php?rest_route=\/wp\/v2\/pages"}],"about":[{"href":"https:\/\/ecole-ndg.fr\/index.php?rest_route=\/wp\/v2\/types\/page"}],"author":[{"embeddable":true,"href":"https:\/\/ecole-ndg.fr\/index.php?rest_route=\/wp\/v2\/users\/1"}],"replies":[{"embeddable":true,"href":"https:\/\/ecole-ndg.fr\/index.php?rest_route=%2Fwp%2Fv2%2Fcomments&post=339"}],"version-history":[{"count":34,"href":"https:\/\/ecole-ndg.fr\/index.php?rest_route=\/wp\/v2\/pages\/339\/revisions"}],"predecessor-version":[{"id":1302,"href":"https:\/\/ecole-ndg.fr\/index.php?rest_route=\/wp\/v2\/pages\/339\/revisions\/1302"}],"wp:attachment":[{"href":"https:\/\/ecole-ndg.fr\/index.php?rest_route=%2Fwp%2Fv2%2Fmedia&parent=339"}],"curies":[{"name":"wp","href":"https:\/\/api.w.org\/{rel}","templated":true}]}}